{"id":44,"date":"2021-10-19T07:36:22","date_gmt":"2021-10-19T07:36:22","guid":{"rendered":"https:\/\/kits.themecy.com\/memberships-3\/?page_id=44"},"modified":"2025-06-18T13:26:49","modified_gmt":"2025-06-18T11:26:49","slug":"contact","status":"publish","type":"page","link":"https:\/\/miradalfa.pl\/?page_id=44","title":{"rendered":"Kontakt"},"content":{"rendered":"\t\t<div data-elementor-type=\"wp-page\" data-elementor-id=\"44\" class=\"elementor elementor-44\">\n\t\t\t\t\t\t<section class=\"elementor-section elementor-top-section elementor-element elementor-element-8cfca18 elementor-section-boxed elementor-section-height-default elementor-section-height-default\" data-id=\"8cfca18\" data-element_type=\"section\">\n\t\t\t\t\t\t\t<div class=\"elementor-background-overlay\"><\/div>\n\t\t\t\t\t\t\t<div class=\"elementor-container elementor-column-gap-default\">\n\t\t\t\t\t<div class=\"elementor-column elementor-col-100 elementor-top-column elementor-element elementor-element-6614213\" data-id=\"6614213\" data-element_type=\"column\">\n\t\t\t<div class=\"elementor-widget-wrap elementor-element-populated\">\n\t\t\t\t\t\t<section class=\"elementor-section elementor-inner-section elementor-element elementor-element-556d357 elementor-section-boxed elementor-section-height-default elementor-section-height-default\" data-id=\"556d357\" data-element_type=\"section\">\n\t\t\t\t\t\t<div class=\"elementor-container elementor-column-gap-default\">\n\t\t\t\t\t<div class=\"elementor-column elementor-col-100 elementor-inner-column elementor-element elementor-element-3b88a81\" data-id=\"3b88a81\" data-element_type=\"column\">\n\t\t\t<div class=\"elementor-widget-wrap elementor-element-populated\">\n\t\t\t\t\t\t<div class=\"elementor-element elementor-element-154a5ef elementor-widget elementor-widget-heading\" data-id=\"154a5ef\" data-element_type=\"widget\" data-widget_type=\"heading.default\">\n\t\t\t\t<div class=\"elementor-widget-container\">\n\t\t\t\t\t<h1 class=\"elementor-heading-title elementor-size-default\">Kontakt<\/h1>\t\t\t\t<\/div>\n\t\t\t\t<\/div>\n\t\t\t\t<div class=\"elementor-element elementor-element-db839be elementor-widget elementor-widget-text-editor\" data-id=\"db839be\" data-element_type=\"widget\" data-widget_type=\"text-editor.default\">\n\t\t\t\t<div class=\"elementor-widget-container\">\n\t\t\t\t\t\t\t\t\t<p>Zapraszamy do kontaktu!<\/p>\t\t\t\t\t\t\t\t<\/div>\n\t\t\t\t<\/div>\n\t\t\t\t\t<\/div>\n\t\t<\/div>\n\t\t\t\t\t<\/div>\n\t\t<\/section>\n\t\t\t\t\t<\/div>\n\t\t<\/div>\n\t\t\t\t\t<\/div>\n\t\t<\/section>\n\t\t\t\t<section class=\"elementor-section elementor-top-section elementor-element elementor-element-4f2e02d elementor-section-boxed elementor-section-height-default elementor-section-height-default\" data-id=\"4f2e02d\" data-element_type=\"section\" data-settings=\"{&quot;background_background&quot;:&quot;classic&quot;}\">\n\t\t\t\t\t\t<div class=\"elementor-container elementor-column-gap-default\">\n\t\t\t\t\t<div class=\"elementor-column elementor-col-50 elementor-top-column elementor-element elementor-element-b1c4fba\" data-id=\"b1c4fba\" data-element_type=\"column\">\n\t\t\t<div class=\"elementor-widget-wrap elementor-element-populated\">\n\t\t\t\t\t\t<section class=\"elementor-section elementor-inner-section elementor-element elementor-element-7051f31 elementor-section-boxed elementor-section-height-default elementor-section-height-default\" data-id=\"7051f31\" data-element_type=\"section\">\n\t\t\t\t\t\t<div class=\"elementor-container elementor-column-gap-default\">\n\t\t\t\t\t<div class=\"elementor-column elementor-col-100 elementor-inner-column elementor-element elementor-element-ed42625\" data-id=\"ed42625\" data-element_type=\"column\">\n\t\t\t<div class=\"elementor-widget-wrap elementor-element-populated\">\n\t\t\t\t\t\t<div class=\"elementor-element elementor-element-0f24d12 elementor-widget elementor-widget-heading\" data-id=\"0f24d12\" data-element_type=\"widget\" data-widget_type=\"heading.default\">\n\t\t\t\t<div class=\"elementor-widget-container\">\n\t\t\t\t\t<h2 class=\"elementor-heading-title elementor-size-default\">Masz pytania?\nSkontaktuj si\u0119 z Nami!<\/h2>\t\t\t\t<\/div>\n\t\t\t\t<\/div>\n\t\t\t\t<div class=\"elementor-element elementor-element-0b74cfd elementor-widget elementor-widget-text-editor\" data-id=\"0b74cfd\" data-element_type=\"widget\" data-widget_type=\"text-editor.default\">\n\t\t\t\t<div class=\"elementor-widget-container\">\n\t\t\t\t\t\t\t\t\t<p>Ch\u0119tnie odpowiemy na Twoje pytanie, wybierz form\u0119 kontaktu kt\u00f3ra b\u0119dzie Ci najbardziej odpowiada\u0107.<\/p>\t\t\t\t\t\t\t\t<\/div>\n\t\t\t\t<\/div>\n\t\t\t\t<div class=\"elementor-element elementor-element-631fcad elementor-view-stacked elementor-position-left elementor-shape-circle elementor-mobile-position-top elementor-widget elementor-widget-icon-box\" data-id=\"631fcad\" data-element_type=\"widget\" data-widget_type=\"icon-box.default\">\n\t\t\t\t<div class=\"elementor-widget-container\">\n\t\t\t\t\t\t\t<div class=\"elementor-icon-box-wrapper\">\n\n\t\t\t\t\t\t<div class=\"elementor-icon-box-icon\">\n\t\t\t\t<span  class=\"elementor-icon\">\n\t\t\t\t<svg aria-hidden=\"true\" class=\"e-font-icon-svg e-far-envelope\" viewBox=\"0 0 512 512\" xmlns=\"http:\/\/www.w3.org\/2000\/svg\"><path d=\"M464 64H48C21.49 64 0 85.49 0 112v288c0 26.51 21.49 48 48 48h416c26.51 0 48-21.49 48-48V112c0-26.51-21.49-48-48-48zm0 48v40.805c-22.422 18.259-58.168 46.651-134.587 106.49-16.841 13.247-50.201 45.072-73.413 44.701-23.208.375-56.579-31.459-73.413-44.701C106.18 199.465 70.425 171.067 48 152.805V112h416zM48 400V214.398c22.914 18.251 55.409 43.862 104.938 82.646 21.857 17.205 60.134 55.186 103.062 54.955 42.717.231 80.509-37.199 103.053-54.947 49.528-38.783 82.032-64.401 104.947-82.653V400H48z\"><\/path><\/svg>\t\t\t\t<\/span>\n\t\t\t<\/div>\n\t\t\t\n\t\t\t\t\t\t<div class=\"elementor-icon-box-content\">\n\n\t\t\t\t\t\t\t\t\t<div class=\"elementor-icon-box-title\">\n\t\t\t\t\t\t<span  >\n\t\t\t\t\t\t\tNapisz do Nas:\t\t\t\t\t\t<\/span>\n\t\t\t\t\t<\/div>\n\t\t\t\t\n\t\t\t\t\t\t\t\t\t<p class=\"elementor-icon-box-description\">\n\t\t\t\t\t\tbartycka@miradalfa.pl\t\t\t\t\t<\/p>\n\t\t\t\t\n\t\t\t<\/div>\n\t\t\t\n\t\t<\/div>\n\t\t\t\t\t\t<\/div>\n\t\t\t\t<\/div>\n\t\t\t\t<div class=\"elementor-element elementor-element-d195bef elementor-view-stacked elementor-position-left elementor-shape-circle elementor-mobile-position-top elementor-widget elementor-widget-icon-box\" data-id=\"d195bef\" data-element_type=\"widget\" data-widget_type=\"icon-box.default\">\n\t\t\t\t<div class=\"elementor-widget-container\">\n\t\t\t\t\t\t\t<div class=\"elementor-icon-box-wrapper\">\n\n\t\t\t\t\t\t<div class=\"elementor-icon-box-icon\">\n\t\t\t\t<span  class=\"elementor-icon\">\n\t\t\t\t<svg aria-hidden=\"true\" class=\"e-font-icon-svg e-fas-phone-alt\" viewBox=\"0 0 512 512\" xmlns=\"http:\/\/www.w3.org\/2000\/svg\"><path d=\"M497.39 361.8l-112-48a24 24 0 0 0-28 6.9l-49.6 60.6A370.66 370.66 0 0 1 130.6 204.11l60.6-49.6a23.94 23.94 0 0 0 6.9-28l-48-112A24.16 24.16 0 0 0 122.6.61l-104 24A24 24 0 0 0 0 48c0 256.5 207.9 464 464 464a24 24 0 0 0 23.4-18.6l24-104a24.29 24.29 0 0 0-14.01-27.6z\"><\/path><\/svg>\t\t\t\t<\/span>\n\t\t\t<\/div>\n\t\t\t\n\t\t\t\t\t\t<div class=\"elementor-icon-box-content\">\n\n\t\t\t\t\t\t\t\t\t<h5 class=\"elementor-icon-box-title\">\n\t\t\t\t\t\t<span  >\n\t\t\t\t\t\t\tZadzwo\u0144 do Nas:\t\t\t\t\t\t<\/span>\n\t\t\t\t\t<\/h5>\n\t\t\t\t\n\t\t\t\t\t\t\t\t\t<p class=\"elementor-icon-box-description\">\n\t\t\t\t\t\t+48 519-512-284\n\n\t\t\t\t\t<\/p>\n\t\t\t\t\n\t\t\t<\/div>\n\t\t\t\n\t\t<\/div>\n\t\t\t\t\t\t<\/div>\n\t\t\t\t<\/div>\n\t\t\t\t<div class=\"elementor-element elementor-element-ec004da elementor-view-stacked elementor-position-left elementor-shape-circle elementor-mobile-position-top elementor-widget elementor-widget-icon-box\" data-id=\"ec004da\" data-element_type=\"widget\" data-widget_type=\"icon-box.default\">\n\t\t\t\t<div class=\"elementor-widget-container\">\n\t\t\t\t\t\t\t<div class=\"elementor-icon-box-wrapper\">\n\n\t\t\t\t\t\t<div class=\"elementor-icon-box-icon\">\n\t\t\t\t<span  class=\"elementor-icon\">\n\t\t\t\t<svg aria-hidden=\"true\" class=\"e-font-icon-svg e-far-map\" viewBox=\"0 0 576 512\" xmlns=\"http:\/\/www.w3.org\/2000\/svg\"><path d=\"M560.02 32c-1.96 0-3.98.37-5.96 1.16L384.01 96H384L212 35.28A64.252 64.252 0 0 0 191.76 32c-6.69 0-13.37 1.05-19.81 3.14L20.12 87.95A32.006 32.006 0 0 0 0 117.66v346.32C0 473.17 7.53 480 15.99 480c1.96 0 3.97-.37 5.96-1.16L192 416l172 60.71a63.98 63.98 0 0 0 40.05.15l151.83-52.81A31.996 31.996 0 0 0 576 394.34V48.02c0-9.19-7.53-16.02-15.98-16.02zM224 90.42l128 45.19v285.97l-128-45.19V90.42zM48 418.05V129.07l128-44.53v286.2l-.64.23L48 418.05zm480-35.13l-128 44.53V141.26l.64-.24L528 93.95v288.97z\"><\/path><\/svg>\t\t\t\t<\/span>\n\t\t\t<\/div>\n\t\t\t\n\t\t\t\t\t\t<div class=\"elementor-icon-box-content\">\n\n\t\t\t\t\t\t\t\t\t<h5 class=\"elementor-icon-box-title\">\n\t\t\t\t\t\t<span  >\n\t\t\t\t\t\t\tGdzie jeste\u015bmy\t\t\t\t\t\t<\/span>\n\t\t\t\t\t<\/h5>\n\t\t\t\t\n\t\t\t\t\t\t\t\t\t<p class=\"elementor-icon-box-description\">\n\t\t\t\t\t\tul. Bartycka 24\/26\npawilon 210B\n\n00-716 Warszawa\t\t\t\t\t<\/p>\n\t\t\t\t\n\t\t\t<\/div>\n\t\t\t\n\t\t<\/div>\n\t\t\t\t\t\t<\/div>\n\t\t\t\t<\/div>\n\t\t\t\t\t<\/div>\n\t\t<\/div>\n\t\t\t\t\t<\/div>\n\t\t<\/section>\n\t\t\t\t\t<\/div>\n\t\t<\/div>\n\t\t\t\t<div class=\"elementor-column elementor-col-50 elementor-top-column elementor-element elementor-element-896f9e3\" data-id=\"896f9e3\" data-element_type=\"column\">\n\t\t\t<div class=\"elementor-widget-wrap elementor-element-populated\">\n\t\t\t\t\t\t<section class=\"elementor-section elementor-inner-section elementor-element elementor-element-9636667 elementor-section-boxed elementor-section-height-default elementor-section-height-default\" data-id=\"9636667\" data-element_type=\"section\">\n\t\t\t\t\t\t<div class=\"elementor-container elementor-column-gap-default\">\n\t\t\t\t\t<div class=\"elementor-column elementor-col-50 elementor-inner-column elementor-element elementor-element-6773e2f\" data-id=\"6773e2f\" data-element_type=\"column\">\n\t\t\t<div class=\"elementor-widget-wrap elementor-element-populated\">\n\t\t\t\t\t\t<div class=\"elementor-element elementor-element-b41269c elementor-widget__width-initial elementor-widget elementor-widget-image\" data-id=\"b41269c\" data-element_type=\"widget\" data-widget_type=\"image.default\">\n\t\t\t\t<div class=\"elementor-widget-container\">\n\t\t\t\t\t\t\t\t\t\t\t\t\t\t\t<img fetchpriority=\"high\" decoding=\"async\" width=\"724\" height=\"1024\" src=\"https:\/\/miradalfa.pl\/wp-content\/uploads\/2025\/06\/AESTHETICA-HEGEL-3-724x1024.jpg\" class=\"attachment-large size-large wp-image-722\" alt=\"\" srcset=\"https:\/\/miradalfa.pl\/wp-content\/uploads\/2025\/06\/AESTHETICA-HEGEL-3-724x1024.jpg 724w, https:\/\/miradalfa.pl\/wp-content\/uploads\/2025\/06\/AESTHETICA-HEGEL-3-212x300.jpg 212w, https:\/\/miradalfa.pl\/wp-content\/uploads\/2025\/06\/AESTHETICA-HEGEL-3-768x1086.jpg 768w, https:\/\/miradalfa.pl\/wp-content\/uploads\/2025\/06\/AESTHETICA-HEGEL-3-600x848.jpg 600w, https:\/\/miradalfa.pl\/wp-content\/uploads\/2025\/06\/AESTHETICA-HEGEL-3.jpg 800w\" sizes=\"(max-width: 724px) 100vw, 724px\" \/>\t\t\t\t\t\t\t\t\t\t\t\t\t\t\t<\/div>\n\t\t\t\t<\/div>\n\t\t\t\t\t<\/div>\n\t\t<\/div>\n\t\t\t\t<div class=\"elementor-column elementor-col-50 elementor-inner-column elementor-element elementor-element-820f8ee\" data-id=\"820f8ee\" data-element_type=\"column\">\n\t\t\t<div class=\"elementor-widget-wrap\">\n\t\t\t\t\t\t\t<\/div>\n\t\t<\/div>\n\t\t\t\t\t<\/div>\n\t\t<\/section>\n\t\t\t\t\t<\/div>\n\t\t<\/div>\n\t\t\t\t\t<\/div>\n\t\t<\/section>\n\t\t\t\t<section class=\"elementor-section elementor-top-section elementor-element elementor-element-f476158 elementor-section-stretched elementor-section-full_width elementor-section-height-default elementor-section-height-default\" data-id=\"f476158\" data-element_type=\"section\" data-settings=\"{&quot;stretch_section&quot;:&quot;section-stretched&quot;}\">\n\t\t\t\t\t\t<div class=\"elementor-container elementor-column-gap-default\">\n\t\t\t\t\t<div class=\"elementor-column elementor-col-100 elementor-top-column elementor-element elementor-element-566b14c\" data-id=\"566b14c\" data-element_type=\"column\">\n\t\t\t<div class=\"elementor-widget-wrap elementor-element-populated\">\n\t\t\t\t\t\t<div class=\"elementor-element elementor-element-2dbd631 elementor-widget elementor-widget-google_maps\" data-id=\"2dbd631\" data-element_type=\"widget\" data-widget_type=\"google_maps.default\">\n\t\t\t\t<div class=\"elementor-widget-container\">\n\t\t\t\t\t\t\t<div class=\"elementor-custom-embed\">\n\t\t\t<iframe loading=\"lazy\"\n\t\t\t\t\tsrc=\"https:\/\/maps.google.com\/maps?q=MIrad%20alfa&#038;t=m&#038;z=16&#038;output=embed&#038;iwloc=near\"\n\t\t\t\t\ttitle=\"MIrad alfa\"\n\t\t\t\t\taria-label=\"MIrad alfa\"\n\t\t\t><\/iframe>\n\t\t<\/div>\n\t\t\t\t\t\t<\/div>\n\t\t\t\t<\/div>\n\t\t\t\t\t<\/div>\n\t\t<\/div>\n\t\t\t\t\t<\/div>\n\t\t<\/section>\n\t\t\t\t<\/div>\n\t\t","protected":false},"excerpt":{"rendered":"<p>Kontakt Zapraszamy do kontaktu! Masz pytania? Skontaktuj si\u0119 z Nami! Ch\u0119tnie odpowiemy na Twoje pytanie, wybierz form\u0119 kontaktu kt\u00f3ra b\u0119dzie Ci najbardziej odpowiada\u0107. Napisz do Nas: bartycka@miradalfa.pl Zadzwo\u0144 do Nas:&#8230;<\/p>\n","protected":false},"author":1,"featured_media":682,"parent":0,"menu_order":0,"comment_status":"closed","ping_status":"closed","template":"","meta":{"give_campaign_id":0,"_price":"","_stock":"","_tribe_ticket_header":"","_tribe_default_ticket_provider":"","_tribe_ticket_capacity":"0","_ticket_start_date":"","_ticket_end_date":"","_tribe_ticket_show_description":"","_tribe_ticket_show_not_going":false,"_tribe_ticket_use_global_stock":"","_tribe_ticket_global_stock_level":"","_global_stock_mode":"","_global_stock_cap":"","_tribe_rsvp_for_event":"","_tribe_ticket_going_count":"","_tribe_ticket_not_going_count":"","_tribe_tickets_list":"[]","_tribe_ticket_has_attendee_info_fields":false,"_EventAllDay":false,"_EventTimezone":"","_EventStartDate":"","_EventEndDate":"","_EventStartDateUTC":"","_EventEndDateUTC":"","_EventShowMap":false,"_EventShowMapLink":false,"_EventURL":"","_EventCost":"","_EventCostDescription":"","_EventCurrencySymbol":"","_EventCurrencyCode":"","_EventCurrencyPosition":"","_EventDateTimeSeparator":"","_EventTimeRangeSeparator":"","_EventOrganizerID":[],"_EventVenueID":[],"_OrganizerEmail":"","_OrganizerPhone":"","_OrganizerWebsite":"","_VenueAddress":"","_VenueCity":"","_VenueCountry":"","_VenueProvince":"","_VenueState":"","_VenueZip":"","_VenuePhone":"","_VenueURL":"","_VenueStateProvince":"","_VenueLat":"","_VenueLng":"","_VenueShowMap":false,"_VenueShowMapLink":false,"_kadence_starter_templates_imported_post":true,"_kad_post_transparent":"","_kad_post_title":"hide","_kad_post_layout":"fullwidth","_kad_post_sidebar_id":"","_kad_post_content_style":"unboxed","_kad_post_vertical_padding":"hide","_kad_post_feature":"hide","_kad_post_feature_position":"","_kad_post_header":false,"_kad_post_footer":false,"footnotes":"","_tec_slr_enabled":"","_tec_slr_layout":""},"class_list":["post-44","page","type-page","status-publish","has-post-thumbnail","hentry"],"yoast_head":"<!-- This site is optimized with the Yoast SEO plugin v26.2 - https:\/\/yoast.com\/wordpress\/plugins\/seo\/ -->\n<title>Kontakt - MIRAD ALFA wyposa\u017cenie \u0142azienek gresy i spieki kwarcowe<\/title>\n<meta name=\"robots\" content=\"index, follow, max-snippet:-1, max-image-preview:large, max-video-preview:-1\" \/>\n<link rel=\"canonical\" href=\"https:\/\/miradalfa.pl\/?page_id=44\" \/>\n<meta property=\"og:locale\" content=\"en_US\" \/>\n<meta property=\"og:type\" content=\"article\" \/>\n<meta property=\"og:title\" content=\"Kontakt - MIRAD ALFA wyposa\u017cenie \u0142azienek gresy i spieki kwarcowe\" \/>\n<meta property=\"og:description\" content=\"Kontakt Zapraszamy do kontaktu! Masz pytania? Skontaktuj si\u0119 z Nami! Ch\u0119tnie odpowiemy na Twoje pytanie, wybierz form\u0119 kontaktu kt\u00f3ra b\u0119dzie Ci najbardziej odpowiada\u0107. Napisz do Nas: bartycka@miradalfa.pl Zadzwo\u0144 do Nas:...\" \/>\n<meta property=\"og:url\" content=\"https:\/\/miradalfa.pl\/?page_id=44\" \/>\n<meta property=\"og:site_name\" content=\"MIRAD ALFA wyposa\u017cenie \u0142azienek gresy i spieki kwarcowe\" \/>\n<meta property=\"article:modified_time\" content=\"2025-06-18T11:26:49+00:00\" \/>\n<meta property=\"og:image\" content=\"https:\/\/miradalfa.pl\/wp-content\/uploads\/2022\/12\/Contact.jpeg\" \/>\n\t<meta property=\"og:image:width\" content=\"1600\" \/>\n\t<meta property=\"og:image:height\" content=\"2079\" \/>\n\t<meta property=\"og:image:type\" content=\"image\/jpeg\" \/>\n<meta name=\"twitter:card\" content=\"summary_large_image\" \/>\n<meta name=\"twitter:label1\" content=\"Est. reading time\" \/>\n\t<meta name=\"twitter:data1\" content=\"1 minute\" \/>\n<script type=\"application\/ld+json\" class=\"yoast-schema-graph\">{\"@context\":\"https:\/\/schema.org\",\"@graph\":[{\"@type\":\"WebPage\",\"@id\":\"https:\/\/miradalfa.pl\/?page_id=44\",\"url\":\"https:\/\/miradalfa.pl\/?page_id=44\",\"name\":\"Kontakt - MIRAD ALFA wyposa\u017cenie \u0142azienek gresy i spieki kwarcowe\",\"isPartOf\":{\"@id\":\"https:\/\/miradalfa.pl\/#website\"},\"primaryImageOfPage\":{\"@id\":\"https:\/\/miradalfa.pl\/?page_id=44#primaryimage\"},\"image\":{\"@id\":\"https:\/\/miradalfa.pl\/?page_id=44#primaryimage\"},\"thumbnailUrl\":\"https:\/\/miradalfa.pl\/wp-content\/uploads\/2022\/12\/Contact.jpeg\",\"datePublished\":\"2021-10-19T07:36:22+00:00\",\"dateModified\":\"2025-06-18T11:26:49+00:00\",\"breadcrumb\":{\"@id\":\"https:\/\/miradalfa.pl\/?page_id=44#breadcrumb\"},\"inLanguage\":\"en-US\",\"potentialAction\":[{\"@type\":\"ReadAction\",\"target\":[\"https:\/\/miradalfa.pl\/?page_id=44\"]}]},{\"@type\":\"ImageObject\",\"inLanguage\":\"en-US\",\"@id\":\"https:\/\/miradalfa.pl\/?page_id=44#primaryimage\",\"url\":\"https:\/\/miradalfa.pl\/wp-content\/uploads\/2022\/12\/Contact.jpeg\",\"contentUrl\":\"https:\/\/miradalfa.pl\/wp-content\/uploads\/2022\/12\/Contact.jpeg\",\"width\":1600,\"height\":2079},{\"@type\":\"BreadcrumbList\",\"@id\":\"https:\/\/miradalfa.pl\/?page_id=44#breadcrumb\",\"itemListElement\":[{\"@type\":\"ListItem\",\"position\":1,\"name\":\"Home\",\"item\":\"https:\/\/miradalfa.pl\/\"},{\"@type\":\"ListItem\",\"position\":2,\"name\":\"Kontakt\"}]},{\"@type\":\"WebSite\",\"@id\":\"https:\/\/miradalfa.pl\/#website\",\"url\":\"https:\/\/miradalfa.pl\/\",\"name\":\"MIRAD ALFA wyposa\u017cenie \u0142azienek gresy i spieki kwarcowe\",\"description\":\"Mirad Alfa. Odkryj w\u0142oski luksus na ka\u017cdej powierzchni.\",\"publisher\":{\"@id\":\"https:\/\/miradalfa.pl\/#organization\"},\"potentialAction\":[{\"@type\":\"SearchAction\",\"target\":{\"@type\":\"EntryPoint\",\"urlTemplate\":\"https:\/\/miradalfa.pl\/?s={search_term_string}\"},\"query-input\":{\"@type\":\"PropertyValueSpecification\",\"valueRequired\":true,\"valueName\":\"search_term_string\"}}],\"inLanguage\":\"en-US\"},{\"@type\":\"Organization\",\"@id\":\"https:\/\/miradalfa.pl\/#organization\",\"name\":\"MIRAD ALFA wyposa\u017cenie \u0142azienek gresy i spieki kwarcowe\",\"url\":\"https:\/\/miradalfa.pl\/\",\"logo\":{\"@type\":\"ImageObject\",\"inLanguage\":\"en-US\",\"@id\":\"https:\/\/miradalfa.pl\/#\/schema\/logo\/image\/\",\"url\":\"https:\/\/miradalfa.pl\/wp-content\/uploads\/2025\/06\/cropped-logo.png\",\"contentUrl\":\"https:\/\/miradalfa.pl\/wp-content\/uploads\/2025\/06\/cropped-logo.png\",\"width\":238,\"height\":78,\"caption\":\"MIRAD ALFA wyposa\u017cenie \u0142azienek gresy i spieki kwarcowe\"},\"image\":{\"@id\":\"https:\/\/miradalfa.pl\/#\/schema\/logo\/image\/\"}}]}<\/script>\n<!-- \/ Yoast SEO plugin. -->","yoast_head_json":{"title":"Kontakt - MIRAD ALFA wyposa\u017cenie \u0142azienek gresy i spieki kwarcowe","robots":{"index":"index","follow":"follow","max-snippet":"max-snippet:-1","max-image-preview":"max-image-preview:large","max-video-preview":"max-video-preview:-1"},"canonical":"https:\/\/miradalfa.pl\/?page_id=44","og_locale":"en_US","og_type":"article","og_title":"Kontakt - MIRAD ALFA wyposa\u017cenie \u0142azienek gresy i spieki kwarcowe","og_description":"Kontakt Zapraszamy do kontaktu! Masz pytania? Skontaktuj si\u0119 z Nami! Ch\u0119tnie odpowiemy na Twoje pytanie, wybierz form\u0119 kontaktu kt\u00f3ra b\u0119dzie Ci najbardziej odpowiada\u0107. Napisz do Nas: bartycka@miradalfa.pl Zadzwo\u0144 do Nas:...","og_url":"https:\/\/miradalfa.pl\/?page_id=44","og_site_name":"MIRAD ALFA wyposa\u017cenie \u0142azienek gresy i spieki kwarcowe","article_modified_time":"2025-06-18T11:26:49+00:00","og_image":[{"width":1600,"height":2079,"url":"https:\/\/miradalfa.pl\/wp-content\/uploads\/2022\/12\/Contact.jpeg","type":"image\/jpeg"}],"twitter_card":"summary_large_image","twitter_misc":{"Est. reading time":"1 minute"},"schema":{"@context":"https:\/\/schema.org","@graph":[{"@type":"WebPage","@id":"https:\/\/miradalfa.pl\/?page_id=44","url":"https:\/\/miradalfa.pl\/?page_id=44","name":"Kontakt - MIRAD ALFA wyposa\u017cenie \u0142azienek gresy i spieki kwarcowe","isPartOf":{"@id":"https:\/\/miradalfa.pl\/#website"},"primaryImageOfPage":{"@id":"https:\/\/miradalfa.pl\/?page_id=44#primaryimage"},"image":{"@id":"https:\/\/miradalfa.pl\/?page_id=44#primaryimage"},"thumbnailUrl":"https:\/\/miradalfa.pl\/wp-content\/uploads\/2022\/12\/Contact.jpeg","datePublished":"2021-10-19T07:36:22+00:00","dateModified":"2025-06-18T11:26:49+00:00","breadcrumb":{"@id":"https:\/\/miradalfa.pl\/?page_id=44#breadcrumb"},"inLanguage":"en-US","potentialAction":[{"@type":"ReadAction","target":["https:\/\/miradalfa.pl\/?page_id=44"]}]},{"@type":"ImageObject","inLanguage":"en-US","@id":"https:\/\/miradalfa.pl\/?page_id=44#primaryimage","url":"https:\/\/miradalfa.pl\/wp-content\/uploads\/2022\/12\/Contact.jpeg","contentUrl":"https:\/\/miradalfa.pl\/wp-content\/uploads\/2022\/12\/Contact.jpeg","width":1600,"height":2079},{"@type":"BreadcrumbList","@id":"https:\/\/miradalfa.pl\/?page_id=44#breadcrumb","itemListElement":[{"@type":"ListItem","position":1,"name":"Home","item":"https:\/\/miradalfa.pl\/"},{"@type":"ListItem","position":2,"name":"Kontakt"}]},{"@type":"WebSite","@id":"https:\/\/miradalfa.pl\/#website","url":"https:\/\/miradalfa.pl\/","name":"MIRAD ALFA wyposa\u017cenie \u0142azienek gresy i spieki kwarcowe","description":"Mirad Alfa. Odkryj w\u0142oski luksus na ka\u017cdej powierzchni.","publisher":{"@id":"https:\/\/miradalfa.pl\/#organization"},"potentialAction":[{"@type":"SearchAction","target":{"@type":"EntryPoint","urlTemplate":"https:\/\/miradalfa.pl\/?s={search_term_string}"},"query-input":{"@type":"PropertyValueSpecification","valueRequired":true,"valueName":"search_term_string"}}],"inLanguage":"en-US"},{"@type":"Organization","@id":"https:\/\/miradalfa.pl\/#organization","name":"MIRAD ALFA wyposa\u017cenie \u0142azienek gresy i spieki kwarcowe","url":"https:\/\/miradalfa.pl\/","logo":{"@type":"ImageObject","inLanguage":"en-US","@id":"https:\/\/miradalfa.pl\/#\/schema\/logo\/image\/","url":"https:\/\/miradalfa.pl\/wp-content\/uploads\/2025\/06\/cropped-logo.png","contentUrl":"https:\/\/miradalfa.pl\/wp-content\/uploads\/2025\/06\/cropped-logo.png","width":238,"height":78,"caption":"MIRAD ALFA wyposa\u017cenie \u0142azienek gresy i spieki kwarcowe"},"image":{"@id":"https:\/\/miradalfa.pl\/#\/schema\/logo\/image\/"}}]}},"campaignId":"","ticketed":false,"_links":{"self":[{"href":"https:\/\/miradalfa.pl\/index.php?rest_route=\/wp\/v2\/pages\/44","targetHints":{"allow":["GET"]}}],"collection":[{"href":"https:\/\/miradalfa.pl\/index.php?rest_route=\/wp\/v2\/pages"}],"about":[{"href":"https:\/\/miradalfa.pl\/index.php?rest_route=\/wp\/v2\/types\/page"}],"author":[{"embeddable":true,"href":"https:\/\/miradalfa.pl\/index.php?rest_route=\/wp\/v2\/users\/1"}],"replies":[{"embeddable":true,"href":"https:\/\/miradalfa.pl\/index.php?rest_route=%2Fwp%2Fv2%2Fcomments&post=44"}],"version-history":[{"count":10,"href":"https:\/\/miradalfa.pl\/index.php?rest_route=\/wp\/v2\/pages\/44\/revisions"}],"predecessor-version":[{"id":735,"href":"https:\/\/miradalfa.pl\/index.php?rest_route=\/wp\/v2\/pages\/44\/revisions\/735"}],"wp:featuredmedia":[{"embeddable":true,"href":"https:\/\/miradalfa.pl\/index.php?rest_route=\/wp\/v2\/media\/682"}],"wp:attachment":[{"href":"https:\/\/miradalfa.pl\/index.php?rest_route=%2Fwp%2Fv2%2Fmedia&parent=44"}],"curies":[{"name":"wp","href":"https:\/\/api.w.org\/{rel}","templated":true}]}}